{"id":10,"date":"2020-02-04T10:23:02","date_gmt":"2020-02-04T08:23:02","guid":{"rendered":"https:\/\/www.sezarforest.ro\/de\/?page_id=10"},"modified":"2025-02-26T16:18:35","modified_gmt":"2025-02-26T14:18:35","slug":"cookies","status":"publish","type":"page","link":"https:\/\/www.sezarforest.ro\/de\/cookies\/","title":{"rendered":"Cookies"},"content":{"rendered":"<p>Benutzerinformationsdokument \u00fcber das Vorhandensein von Cookies auf der Website <strong><a href='https:\/\/www.sezarforest.ro'>www.sezarforest.ro<\/a><\/strong>. Die folgenden Informationen sollen dem Benutzer weitere Informationen \u00fcber die Platzierung, Verwendung und Verwaltung von Cookies geben, die von der Website <strong><a href='https:\/\/www.sezarforest.ro'>www.sezarforest.ro<\/a><\/strong> verwendet werden.<\/p>\n<h4>Was ist ein Cookie?<\/h4>\n<p>Ein Cookie ist eine Textdatei, die Informationen enth\u00e4lt, die auf Ihr Ger\u00e4t heruntergeladen werden, wenn Sie (zum ersten Mal) eine Website besuchen. Dieses Cookie wird bei jedem weiteren Besuch der urspr\u00fcnglichen Website oder einer anderen Website, die es erkennt, zur\u00fcckgesendet. Cookies sind n\u00fctzlich, da sie es einer Website erm\u00f6glichen, ein Ger\u00e4t zu erkennen und Ihnen ein effizienteres und personalisierteres Erlebnis zu bieten.<\/p>\n<h4>Was ist KEIN Cookie?<\/h4>\n<p>Cookies sind KEINE Viren! Sie verwenden einfache Textformate. Sie bestehen nicht aus Codeteilen und k\u00f6nnen daher nicht ausgef\u00fchrt oder automatisch ausgef\u00fchrt werden. Folglich k\u00f6nnen sie nicht dupliziert oder in andere Netzwerke repliziert werden, um erneut ausgef\u00fchrt oder repliziert zu werden.<\/p>\n<h4>Welche Arten von Cookies werden verwendet?<\/h4>\n<p><strong><a href='https:\/\/www.sezarforest.ro'>www.sezarforest.ro<\/a><\/strong> verwendet auf seinen Websites sowohl propriet\u00e4re Cookies als auch Cookies von Drittanbietern.<\/p>\n<p>Propriet\u00e4re Cookies sind Cookies, die von <strong><a href='https:\/\/www.sezarforest.ro'>www.sezarforest.ro<\/a><\/strong> verwendet werden, wenn Sie eine unserer Websites besuchen, und geh\u00f6ren zu den folgenden Arten: technische, Sitzungs-, dauerhafte und funktionale Cookies:<\/p>\n<ul>\n<li>Technische Cookies<\/em> sind f\u00fcr das ordnungsgem\u00e4\u00dfe Funktionieren der Website unerl\u00e4sslich. Diese Cookies erm\u00f6glichen es Ihnen, zwischen verschiedenen Abschnitten der Website zu navigieren und bestimmte Funktionen zu nutzen.<\/li>\n<li>Sitzungscookies<\/em> sind tempor\u00e4re Cookies, mit denen Sie einfach und schnell auf der Website navigieren k\u00f6nnen.<\/li>\n<li>Permanente Cookies<\/em> oder <em>&#8216;Tracking-Cookies&#8217;<\/em> halten mehrere Sitzungen und verbleiben f\u00fcr eine gewisse Zeit nach Ende der Sitzung im Browser (sofern Sie sie nicht l\u00f6schen) .<\/li>\n<li>Funktionale Cookies<\/em> \u00fcberwachen das ordnungsgem\u00e4\u00dfe Funktionieren der Website und erm\u00f6glichen es ihr, sich an Ihre Auswahl zu erinnern (z. B. Sprache, Benutzername oder Region). Sie bieten erweiterte und pers\u00f6nliche Funktionen, die Ihnen helfen, bei jedem Besuch der Website die Auswahl von Optionen zu beenden.<\/li>\n<\/ul>\n<p>Drittanbieter-Cookies sind Cookies, die von <strong><a href='https:\/\/www.sezarforest.ro'>www.sezarforest.ro<\/a><\/strong> verwendet werden, wenn Sie unsere Website besuchen, und sind von den folgenden Arten:<\/p>\n<ul>\n<li>Performance-Cookies (Google Analytics): Sammeln anonyme und zentralisierte Informationen \u00fcber Ihr Online-Verhalten (Browsertyp, IP-Adresse, verwendetes Betriebssystem, Domainname der von Ihnen besuchten Website und die Zeit, zu der Sie die Website verlassen haben, Datum und Uhrzeit, zu der Sie die Website verlassen haben eine Website besucht usw.) zu statistischen Zwecken und zur Erstellung von Besucherprofilen.<\/li>\n<li>Die von uns verwendeten Cookies sammeln keine Daten, die Ihre Identit\u00e4t preisgeben, und daher k\u00f6nnen wir Sie mit ihrer Hilfe nicht identifizieren. Unsere Website kann Links zu anderen Websites enthalten, die nicht im Besitz von <strong><a href='https:\/\/www.sezarforest.ro'>www.sezarforest.ro<\/a><\/strong> sind oder von <strong><a href='https:\/\/www.sezarforest.ro'>www.sezarforest.ro<\/a><\/strong> verwaltet werden (Inhalte, Links und Plug-ins Dritter). <strong><a href='https:\/\/www.sezarforest.ro'>www.sezarforest.ro<\/a><\/strong> ist nicht verantwortlich f\u00fcr die Datenschutzpraktiken dieser Websites.<\/li>\n<\/ul>\n<h4>Wie dr\u00fccken Sie Ihre Einwilligung aus?<\/h4>\n<p>Wenn Sie unsere Website zum ersten Mal besuchen, wird am unteren Bildschirmrand ein Banner mit einer Cookie-Nachricht angezeigt. Wenn Sie auf die Best\u00e4tigungsschaltfl\u00e4che in dem Popup klicken, das erscheint, wenn Sie die Website besuchen oder weiter surfen, dann erkl\u00e4ren Sie Ihre implizite Zustimmung zur Verwendung von Cookies gem\u00e4\u00df dieser Cookie-Richtlinie, es sei denn, Sie haben Ihren Browser so eingestellt, dass er dies ablehnt Cookies (siehe unten).<\/p>\n<h4>Wie lehnen Sie Cookies ab?<\/h4>\n<p>Sie k\u00f6nnen Ihre Einwilligung jederzeit widerrufen, indem Sie Cookies aus Ihrem Browser l\u00f6schen.<\/p>\n<p>Diese Einstellungen finden Sie normalerweise im Men\u00fc \u201eOptionen\u201c oder \u201eEinstellungen\u201c Ihres Browsers. Um diese Einstellungen zu verstehen, k\u00f6nnen die folgenden Links hilfreich sein (oder rufen Sie die Option \u201eHilfe\u201c in Ihrem Browser auf, um weitere Informationen zu erhalten):<\/p>\n<ul>\n<li><a href=\"https:\/\/support.microsoft.com\/en-us\/microsoft-edge\/delete-cookies-in-microsoft-edge-63947406-40ac-c3b8-57b9-2a946a29ae09\" target=\"_blank \"rel=\"noopener noreferrer\">Cookie-Einstellungen in Microsoft Edge<\/a><\/li>\n<li><a href=\"http:\/\/support.mozilla.org\/en-US\/kb\/cookies-information-websites-store-on-your-computer?redirectlocale=en-US&amp;redirectslug=Cookies\" target= \"_blank\" rel=\"noopener noreferrer\">Cookie-Einstellungen in Firefox<\/a><\/li>\n<li><a href=\"http:\/\/support.google.com\/chrome\/bin\/answer.py?hl=en&amp;answer=95647\" target=\"_blank\" rel=\"noopener noreferrer\">Cookie-Einstellungen in Chrome <\/a><\/li>\n<li><a href=\"http:\/\/support.apple.com\/kb\/HT1677\" target=\"_blank\" rel=\"noopener noreferrer\">Cookie-Einstellungen<br \/>\n","protected":false},"excerpt":{"rendered":"<p>Benutzerinformationsdokument \u00fcber das Vorhandensein von Cookies auf der Website . Die folgenden Informationen sollen dem Benutzer weitere Informationen \u00fcber die Platzierung, Verwendung und Verwaltung von Cookies geben, die von der Website verwendet werden. Was ist ein Cookie? Ein Cookie ist eine Textdatei, die Informationen enth\u00e4lt, die auf Ihr Ger\u00e4t heruntergeladen werden, wenn Sie (zum ersten [&hellip;]<\/p>\n","protected":false},"author":1,"featured_media":0,"parent":0,"menu_order":98,"comment_status":"closed","ping_status":"closed","template":"","meta":{"footnotes":""},"class_list":["post-10","page","type-page","status-publish","hentry"],"_links":{"self":[{"href":"https:\/\/www.sezarforest.ro\/de\/wp-json\/wp\/v2\/pages\/10","targetHints":{"allow":["GET"]}}],"collection":[{"href":"https:\/\/www.sezarforest.ro\/de\/wp-json\/wp\/v2\/pages"}],"about":[{"href":"https:\/\/www.sezarforest.ro\/de\/wp-json\/wp\/v2\/types\/page"}],"author":[{"embeddable":true,"href":"https:\/\/www.sezarforest.ro\/de\/wp-json\/wp\/v2\/users\/1"}],"replies":[{"embeddable":true,"href":"https:\/\/www.sezarforest.ro\/de\/wp-json\/wp\/v2\/comments?post=10"}],"version-history":[{"count":1,"href":"https:\/\/www.sezarforest.ro\/de\/wp-json\/wp\/v2\/pages\/10\/revisions"}],"predecessor-version":[{"id":1246,"href":"https:\/\/www.sezarforest.ro\/de\/wp-json\/wp\/v2\/pages\/10\/revisions\/1246"}],"wp:attachment":[{"href":"https:\/\/www.sezarforest.ro\/de\/wp-json\/wp\/v2\/media?parent=10"}],"curies":[{"name":"wp","href":"https:\/\/api.w.org\/{rel}","templated":true}]}}